{"id":1351,"date":"2017-11-03T12:31:08","date_gmt":"2017-11-03T11:31:08","guid":{"rendered":"https:\/\/new.spitaliamerikan.com\/deget\/"},"modified":"2021-01-06T14:52:31","modified_gmt":"2021-01-06T13:52:31","slug":"locations","status":"publish","type":"page","link":"https:\/\/al.spitaliamerikan.com\/en\/locations\/","title":{"rendered":"Locations"},"content":{"rendered":"<div class=\"one_third\"><div style=\"background: #f3f3f3; padding: 30px 30px 0 30px; margin: 20px 0 0 0; text-align: left; font-size: 16px;\">\n<div style=\"position: relative; top: -60px;\"><a href=\"\/en\/american-hospital-1\/\"><br \/>\n<img decoding=\"async\" style=\"margin: 0 0 20px 0;\" src=\"\/wp-content\/uploads\/2017\/02\/sa1-400-250.jpg\" width=\"100%\"><\/a>&nbsp;<\/p>\n<h2 style=\"color: #00a8a8;\">American Hospital 1<\/h2>\n<p>pran\u00eb S.U.T,, Rruga Lord Bajron, Tiran\u00eb<br \/>\n<a href=\"https:\/\/maps.google.com\/?cid=7401086077123654971\" target=\"_blank\" rel=\"noopener noreferrer\"><i class=\"fa fa-map-marker\" aria-hidden=\"true\"><\/i> Look on the map<\/a><\/p>\n<p><a href=\"tel:+35542357535\" target=\"_blank\" rel=\"noopener noreferrer\"><i class=\"fa fa-phone\" aria-hidden=\"true\"><\/i> +355 (0) 42 35 75 35<\/a><\/p>\n<\/div>\n<\/div><\/div>\n<div class=\"one_third\"><div style=\"background: #f3f3f3; padding: 30px 30px 0 30px; margin: 20px 0 0 0; text-align: left; font-size: 16px;\">\n<div style=\"position: relative; top: -60px;\"><a href=\"\/en\/american-hospital-2\/\"><br \/>\n<img decoding=\"async\" style=\"margin: 0 0 20px 0;\" src=\"\/wp-content\/uploads\/2017\/02\/sa2-400-250.jpg\" width=\"100%\"><\/a>&nbsp;<\/p>\n<h2 style=\"color: #00a8a8;\">American Hospital 2<\/h2>\n<p>Rruga e Dibr\u00ebs, Tirana 1000<br \/>\n<a href=\"https:\/\/maps.google.com\/?cid=2448934042011545862\" target=\"_blank\" rel=\"noopener noreferrer\"><i class=\"fa fa-map-marker\" aria-hidden=\"true\"><\/i> Look on the map<\/a><\/p>\n<p><a href=\"tel:+35542357535\" target=\"_blank\" rel=\"noopener noreferrer\"><i class=\"fa fa-phone\" aria-hidden=\"true\"><\/i> +355 (0) 42 35 75 35<\/a><\/p>\n<\/div>\n<\/div><\/div>\n<div class=\"one_third last\"><div style=\"background: #f3f3f3; padding: 30px 30px 0 30px; margin: 20px 0 0 0; text-align: left; font-size: 16px;\">\n<div style=\"position: relative; top: -60px;\"><a href=\"\/en\/american-hospital-3\/\"><br \/>\n<img decoding=\"async\" style=\"margin: 0 0 20px 0;\" src=\"\/wp-content\/uploads\/2017\/02\/sa3-400-250.jpg\" width=\"100%\"><\/a>&nbsp;<\/p>\n<h2 style=\"color: #00a8a8;\">American Hospital 3<\/h2>\n<p>Rruga Sabaudin Gabrani, Nr. 2, Tiran\u00eb<br \/>\n<a href=\"https:\/\/maps.google.com\/?cid=821255080867931988\" target=\"_blank\" rel=\"noopener noreferrer\"><i class=\"fa fa-map-marker\" aria-hidden=\"true\"><\/i> Look on the map<\/a><\/p>\n<p><a href=\"tel:+35542357535\" target=\"_blank\" rel=\"noopener noreferrer\"><i class=\"fa fa-phone\" aria-hidden=\"true\"><\/i> +355 (0) 42 35 75 35<\/a><\/p>\n<\/div>\n<\/div><\/div><div class=\"clear\"><\/div>\n<div class=\"one_third\"><div style=\"background: #f3f3f3; padding: 30px 30px 0 30px; margin: 20px 0 0 0; text-align: left; font-size: 16px;\">\n<div style=\"position: relative; top: -60px;\"><a href=\"http:\/\/ks.spitaliamerikan.com\/rreth-nesh\/\" target=\"_blank\" rel=\"noopener noreferrer\"><br \/>\n<img decoding=\"async\" style=\"margin: 0 0 20px 0;\" src=\"\/wp-content\/uploads\/2017\/02\/sa-kosove-400-250.jpg\" width=\"100%\"><\/a>&nbsp;<\/p>\n<h2 style=\"color: #00a8a8;\">American Hospital Pristina<\/h2>\n<p>Prishtin\u00eb<br \/>\n<a href=\"https:\/\/maps.google.com\/?cid=15956917128552405499\" target=\"_blank\" rel=\"noopener noreferrer\"><i class=\"fa fa-map-marker\" aria-hidden=\"true\"><\/i> Look on the map<\/a><\/p>\n<p><a href=\"tel:+38349513513\" target=\"_blank\" rel=\"noopener noreferrer\"><i class=\"fa fa-phone\" aria-hidden=\"true\"><\/i> +383 (0) 49 513 513<\/a><\/p>\n<\/div>\n<\/div><\/div>\n<div class=\"one_third\"><div style=\"background: #f3f3f3; padding: 30px 30px 0 30px; margin: 20px 0 0 0; text-align: left; font-size: 16px;\">\n<div style=\"position: relative; top: -60px;\"><a href=\"\/en\/american-hospital-fier\/\"><br \/>\n<img decoding=\"async\" style=\"margin: 0 0 20px 0;\" src=\"\/wp-content\/uploads\/2017\/02\/sa-fier-400-250.jpg\" width=\"100%\"><\/a>&nbsp;<\/p>\n<h2 style=\"color: #00a8a8;\">American Hospital Fier<\/h2>\n<p>Rr \u00c7ameria, Fier<br \/>\n<a href=\"https:\/\/maps.google.com\/?cid=114272428401247118\" target=\"_blank\" rel=\"noopener noreferrer\"><i class=\"fa fa-map-marker\" aria-hidden=\"true\"><\/i> Look on the map<\/a><\/p>\n<p><a href=\"tel:+35534232123\" target=\"_blank\" rel=\"noopener noreferrer\"><i class=\"fa fa-phone\" aria-hidden=\"true\"><\/i> +355 (0) 34 232 123<\/a><\/p>\n<\/div>\n<\/div><\/div>\n<div class=\"one_third last\"><div style=\"background: #f3f3f3; padding: 30px 30px 0 30px; margin: 20px 0 0 0; text-align: left; font-size: 16px;\">\n<div style=\"position: relative; top: -60px;\"><a href=\"\/en\/american-medical-center-durres\/\"><br \/>\n<img decoding=\"async\" style=\"margin: 0 0 20px 0;\" src=\"\/wp-content\/uploads\/2017\/02\/sa-durres-400-250.jpg\" width=\"100%\"><\/a>&nbsp;<\/p>\n<h2 style=\"color: #00a8a8;\">American Medical Center Durr\u00ebs<\/h2>\n<p>Durr\u00ebs 2000<br \/>\n<a href=\"https:\/\/maps.google.com\/?cid=12900877335220524414\" target=\"_blank\" rel=\"noopener noreferrer\"><i class=\"fa fa-map-marker\" aria-hidden=\"true\"><\/i> Look on the map<\/a><\/p>\n<p><a href=\"tel:+35552222333\" target=\"_blank\" rel=\"noopener noreferrer\"><i class=\"fa fa-phone\" aria-hidden=\"true\"><\/i> +355 (0) 52 222 333<\/a><\/p>\n<\/div>\n<\/div><\/div><div class=\"clear\"><\/div>\n<div class=\"one_third\"><div style=\"background:#f3f3f3; padding:30px 30px 0 30px; margin:20px 0 0 0; text-align:left; font-size:16px\">\n<div style=\"position:relative; top:-60px;\">\n<img decoding=\"async\" src=\"\/wp-content\/uploads\/2021\/01\/sa-shkoder.jpg\" width=\"100%\" style=\"margin:0 0 20px 0;\"><\/p>\n<h2 style=\"color:#00a8a8\">American Hospital Shkodra<\/h2>\n<p>P\u00ebrball\u00eb Spitalit Rajonal, Shkod\u00ebr<br \/>\n<a href=\"#\" target=\"_blank\" rel=\"noopener noreferrer\"><i class=\"fa fa-map-marker\" aria-hidden=\"true\"><\/i> Look on the map<\/a><\/p>\n<p><a href=\"tel:+355682002128\" target=\"_blank\" rel=\"noopener noreferrer\"><i class=\"fa fa-phone\" aria-hidden=\"true\"><\/i> +355 (0) 68 200 21 28<\/a><\/p>\n<\/div>\n<\/div><\/div>\n<div class=\"one_third\"><div style=\"background: #f3f3f3; padding: 30px 30px 0 30px; margin: 20px 0 0 0; text-align: left; font-size: 16px;\">\n<div style=\"position: relative; top: -60px;\"><a href=\"\/en\/alnet-american-laboratory-network\/\"><br \/>\n<img decoding=\"async\" style=\"margin: 0 0 20px 0;\" src=\"\/wp-content\/uploads\/2017\/02\/sa-laboratory-400-250.jpg\" width=\"100%\"><\/a>&nbsp;<\/p>\n<h2 style=\"color: #00a8a8;\">ALNET &#8211; American Laboratory Network<\/h2>\n<p>Bulevardi Zogu i Par\u00eb<br \/>\n<a href=\"#\" target=\"_blank\" rel=\"noopener noreferrer\"><i class=\"fa fa-map-marker\" aria-hidden=\"true\"><\/i> Look on the map<\/a><\/p>\n<p><a href=\"tel:+35542357535\" target=\"_blank\" rel=\"noopener noreferrer\"><i class=\"fa fa-phone\" aria-hidden=\"true\"><\/i> +355 (0) 42 35 75 35<\/a><\/p>\n<\/div>\n<\/div><\/div>\n<div class=\"one_third last\">&nbsp;<\/div><div class=\"clear\"><\/div>\n<p><!--div class=\"mobile-harte\">\n<iframe loading=\"lazy\" src=\"https:\/\/www.google.com\/maps\/d\/u\/0\/embed?&mid=1C6sji-gIdlaYrNFF0oKg1VjDmsL909wV&ll=41.21677898629167%2C20.244316518130745&z=8\" width=\"100%\" height=\"500\"><\/iframe>\n<\/div-->\n","protected":false},"excerpt":{"rendered":"","protected":false},"author":1,"featured_media":0,"parent":0,"menu_order":0,"comment_status":"closed","ping_status":"closed","template":"","meta":{"footnotes":""},"class_list":["post-1351","page","type-page","status-publish","hentry"],"yoast_head":"<!-- This site is optimized with the Yoast SEO plugin v27.5 - https:\/\/yoast.com\/product\/yoast-seo-wordpress\/ -->\n<title>Locations - American Hospital<\/title>\n<meta name=\"description\" content=\"Locations - I p\u00ebrkushtuar p\u00ebr t\u00eb siguruar sh\u00ebrbimin m\u00eb t\u00eb mir\u00eb p\u00ebr sh\u00ebndetin tuaj, Spitali Amerikan \u00ebsht\u00eb lider n\u00eb sistemin sh\u00ebndet\u00ebsor n\u00eb Shqip\u00ebri.\" \/>\n<meta name=\"robots\" content=\"index, follow, max-snippet:-1, max-image-preview:large, max-video-preview:-1\" \/>\n<link rel=\"canonical\" href=\"https:\/\/al.spitaliamerikan.com\/en\/locations\/\" \/>\n<meta property=\"og:locale\" content=\"en_US\" \/>\n<meta property=\"og:type\" content=\"article\" \/>\n<meta property=\"og:title\" content=\"Locations - American Hospital\" \/>\n<meta property=\"og:description\" content=\"Locations - I p\u00ebrkushtuar p\u00ebr t\u00eb siguruar sh\u00ebrbimin m\u00eb t\u00eb mir\u00eb p\u00ebr sh\u00ebndetin tuaj, Spitali Amerikan \u00ebsht\u00eb lider n\u00eb sistemin sh\u00ebndet\u00ebsor n\u00eb Shqip\u00ebri.\" \/>\n<meta property=\"og:url\" content=\"https:\/\/al.spitaliamerikan.com\/en\/locations\/\" \/>\n<meta property=\"og:site_name\" content=\"American Hospital\" \/>\n<meta property=\"article:publisher\" content=\"https:\/\/www.facebook.com\/spitaliamerikan\" \/>\n<meta property=\"article:modified_time\" content=\"2021-01-06T13:52:31+00:00\" \/>\n<meta name=\"twitter:card\" content=\"summary_large_image\" \/>\n<meta name=\"twitter:site\" content=\"@spitaliamerikan\" \/>\n<meta name=\"twitter:label1\" content=\"Est. reading time\" \/>\n\t<meta name=\"twitter:data1\" content=\"1 minute\" \/>\n<script type=\"application\/ld+json\" class=\"yoast-schema-graph\">{\"@context\":\"https:\\\/\\\/schema.org\",\"@graph\":[{\"@type\":\"WebPage\",\"@id\":\"https:\\\/\\\/al.spitaliamerikan.com\\\/en\\\/locations\\\/\",\"url\":\"https:\\\/\\\/al.spitaliamerikan.com\\\/en\\\/locations\\\/\",\"name\":\"Locations - American Hospital\",\"isPartOf\":{\"@id\":\"https:\\\/\\\/al.spitaliamerikan.com\\\/en\\\/#website\"},\"datePublished\":\"2017-11-03T11:31:08+00:00\",\"dateModified\":\"2021-01-06T13:52:31+00:00\",\"description\":\"Locations - I p\u00ebrkushtuar p\u00ebr t\u00eb siguruar sh\u00ebrbimin m\u00eb t\u00eb mir\u00eb p\u00ebr sh\u00ebndetin tuaj, Spitali Amerikan \u00ebsht\u00eb lider n\u00eb sistemin sh\u00ebndet\u00ebsor n\u00eb Shqip\u00ebri.\",\"breadcrumb\":{\"@id\":\"https:\\\/\\\/al.spitaliamerikan.com\\\/en\\\/locations\\\/#breadcrumb\"},\"inLanguage\":\"en-US\",\"potentialAction\":[{\"@type\":\"ReadAction\",\"target\":[\"https:\\\/\\\/al.spitaliamerikan.com\\\/en\\\/locations\\\/\"]}]},{\"@type\":\"BreadcrumbList\",\"@id\":\"https:\\\/\\\/al.spitaliamerikan.com\\\/en\\\/locations\\\/#breadcrumb\",\"itemListElement\":[{\"@type\":\"ListItem\",\"position\":1,\"name\":\"Home\",\"item\":\"https:\\\/\\\/al.spitaliamerikan.com\\\/en\\\/\"},{\"@type\":\"ListItem\",\"position\":2,\"name\":\"Locations\"}]},{\"@type\":\"WebSite\",\"@id\":\"https:\\\/\\\/al.spitaliamerikan.com\\\/en\\\/#website\",\"url\":\"https:\\\/\\\/al.spitaliamerikan.com\\\/en\\\/\",\"name\":\"American Hospital\",\"description\":\"Embrace Life!\",\"potentialAction\":[{\"@type\":\"SearchAction\",\"target\":{\"@type\":\"EntryPoint\",\"urlTemplate\":\"https:\\\/\\\/al.spitaliamerikan.com\\\/en\\\/?s={search_term_string}\"},\"query-input\":{\"@type\":\"PropertyValueSpecification\",\"valueRequired\":true,\"valueName\":\"search_term_string\"}}],\"inLanguage\":\"en-US\"}]}<\/script>\n<!-- \/ Yoast SEO plugin. -->","yoast_head_json":{"title":"Locations - American Hospital","description":"Locations - I p\u00ebrkushtuar p\u00ebr t\u00eb siguruar sh\u00ebrbimin m\u00eb t\u00eb mir\u00eb p\u00ebr sh\u00ebndetin tuaj, Spitali Amerikan \u00ebsht\u00eb lider n\u00eb sistemin sh\u00ebndet\u00ebsor n\u00eb Shqip\u00ebri.","robots":{"index":"index","follow":"follow","max-snippet":"max-snippet:-1","max-image-preview":"max-image-preview:large","max-video-preview":"max-video-preview:-1"},"canonical":"https:\/\/al.spitaliamerikan.com\/en\/locations\/","og_locale":"en_US","og_type":"article","og_title":"Locations - American Hospital","og_description":"Locations - I p\u00ebrkushtuar p\u00ebr t\u00eb siguruar sh\u00ebrbimin m\u00eb t\u00eb mir\u00eb p\u00ebr sh\u00ebndetin tuaj, Spitali Amerikan \u00ebsht\u00eb lider n\u00eb sistemin sh\u00ebndet\u00ebsor n\u00eb Shqip\u00ebri.","og_url":"https:\/\/al.spitaliamerikan.com\/en\/locations\/","og_site_name":"American Hospital","article_publisher":"https:\/\/www.facebook.com\/spitaliamerikan","article_modified_time":"2021-01-06T13:52:31+00:00","twitter_card":"summary_large_image","twitter_site":"@spitaliamerikan","twitter_misc":{"Est. reading time":"1 minute"},"schema":{"@context":"https:\/\/schema.org","@graph":[{"@type":"WebPage","@id":"https:\/\/al.spitaliamerikan.com\/en\/locations\/","url":"https:\/\/al.spitaliamerikan.com\/en\/locations\/","name":"Locations - American Hospital","isPartOf":{"@id":"https:\/\/al.spitaliamerikan.com\/en\/#website"},"datePublished":"2017-11-03T11:31:08+00:00","dateModified":"2021-01-06T13:52:31+00:00","description":"Locations - I p\u00ebrkushtuar p\u00ebr t\u00eb siguruar sh\u00ebrbimin m\u00eb t\u00eb mir\u00eb p\u00ebr sh\u00ebndetin tuaj, Spitali Amerikan \u00ebsht\u00eb lider n\u00eb sistemin sh\u00ebndet\u00ebsor n\u00eb Shqip\u00ebri.","breadcrumb":{"@id":"https:\/\/al.spitaliamerikan.com\/en\/locations\/#breadcrumb"},"inLanguage":"en-US","potentialAction":[{"@type":"ReadAction","target":["https:\/\/al.spitaliamerikan.com\/en\/locations\/"]}]},{"@type":"BreadcrumbList","@id":"https:\/\/al.spitaliamerikan.com\/en\/locations\/#breadcrumb","itemListElement":[{"@type":"ListItem","position":1,"name":"Home","item":"https:\/\/al.spitaliamerikan.com\/en\/"},{"@type":"ListItem","position":2,"name":"Locations"}]},{"@type":"WebSite","@id":"https:\/\/al.spitaliamerikan.com\/en\/#website","url":"https:\/\/al.spitaliamerikan.com\/en\/","name":"American Hospital","description":"Embrace Life!","potentialAction":[{"@type":"SearchAction","target":{"@type":"EntryPoint","urlTemplate":"https:\/\/al.spitaliamerikan.com\/en\/?s={search_term_string}"},"query-input":{"@type":"PropertyValueSpecification","valueRequired":true,"valueName":"search_term_string"}}],"inLanguage":"en-US"}]}},"_links":{"self":[{"href":"https:\/\/al.spitaliamerikan.com\/en\/wp-json\/wp\/v2\/pages\/1351","targetHints":{"allow":["GET"]}}],"collection":[{"href":"https:\/\/al.spitaliamerikan.com\/en\/wp-json\/wp\/v2\/pages"}],"about":[{"href":"https:\/\/al.spitaliamerikan.com\/en\/wp-json\/wp\/v2\/types\/page"}],"author":[{"embeddable":true,"href":"https:\/\/al.spitaliamerikan.com\/en\/wp-json\/wp\/v2\/users\/1"}],"replies":[{"embeddable":true,"href":"https:\/\/al.spitaliamerikan.com\/en\/wp-json\/wp\/v2\/comments?post=1351"}],"version-history":[{"count":11,"href":"https:\/\/al.spitaliamerikan.com\/en\/wp-json\/wp\/v2\/pages\/1351\/revisions"}],"predecessor-version":[{"id":4330,"href":"https:\/\/al.spitaliamerikan.com\/en\/wp-json\/wp\/v2\/pages\/1351\/revisions\/4330"}],"wp:attachment":[{"href":"https:\/\/al.spitaliamerikan.com\/en\/wp-json\/wp\/v2\/media?parent=1351"}],"curies":[{"name":"wp","href":"https:\/\/api.w.org\/{rel}","templated":true}]}}