{"id":3639,"date":"2019-12-13T15:10:31","date_gmt":"2019-12-13T14:10:31","guid":{"rendered":"https:\/\/al.spitaliamerikan.com\/spitali-amerikan-1\/"},"modified":"2020-01-24T16:52:59","modified_gmt":"2020-01-24T15:52:59","slug":"american-hospital-1","status":"publish","type":"page","link":"https:\/\/al.spitaliamerikan.com\/en\/american-hospital-1\/","title":{"rendered":"American Hospital 1"},"content":{"rendered":"<div class=\"one_half\"><div class=\"fancyheading textleft\"><h1 class=\"fancy-title \"><span >American Hospital 1<\/span><\/h1><\/div>\n<p>American Hospital 1 is the founding stone of the largest and most modern private hospital structure in the country, American Hospital.<\/p>\n<p>American Hospital 1, the first private hospital in the country, started operating in December 2006. It all started with Cardiology and Cardiac Surgery, a department that was missing in the country at the time, with the recruitment of experienced foreign professionals. The aim was to save lives and serve Albanian patients and the ones from the region. In less than one year, the flow of cardiac patients leaving Albania for cardiac problems was reduced to 85%. Following this success, the American Hospital quickly expanded its activities, focusing primarily on general surgery, orthopedics, eye surgery, urology, etc., to reach the full capacity it has today.<\/p>\n<p>Medical departments at American Hospital 1 include:<\/p>\n<div style=\"width: 100%; column-count: 2;\">\n<ul>\n<li>Anatomopathalology<\/li>\n<li>Anesthesiology<\/li>\n<li>Check-up<\/li>\n<li>Dermatology<\/li>\n<li>Endocrinology<\/li>\n<li>Gastroenterology<\/li>\n<li>Hematology<\/li>\n<li>Advanced Imagery<\/li>\n<li>Cardiovascular Surgery<\/li>\n<li>Cardiology<\/li>\n<li>General Surgery<\/li>\n<li>Plastic Surgery<\/li>\n<li>Laboratory Services<\/li>\n<li>Nephrology<\/li>\n<li>Neurosurgery<\/li>\n<li>Neurology<\/li>\n<li>Obstetric Gynecology<\/li>\n<li>Ophthalmology<\/li>\n<li>Oncology<\/li>\n<li>ENT<\/li>\n<li>Ortopedi<\/li>\n<li>Pneumologji<\/li>\n<li>Nefrologji<\/li>\n<li>Proktologji<\/li>\n<li>Reumatologji<\/li>\n<li>Urgjenc\u00eb 24 or\u00eb<\/li>\n<li>Urologji<\/li>\n<\/ul>\n<\/div>\n<p>For further information or to book an appointment with our doctors, contact 042357535 or click on: reservations.spitaliamerikan.com<\/p>\n<p>American Hospital, embrace life!<\/p><\/div>\n<div class=\"one_half last\"><iframe loading=\"lazy\" src=\"https:\/\/www.youtube.com\/embed\/X5nUrRKSQ7Q\" width=\"567\" height=\"319\" frameborder=\"0\" allowfullscreen=\"allowfullscreen\"><\/iframe><br \/>\n<iframe loading=\"lazy\" style=\"border: 0;\" src=\"https:\/\/www.google.com\/maps\/embed?pb=!1m18!1m12!1m3!1d40300.59081823282!2d19.755636089749892!3d41.344542758011265!2m3!1f0!2f0!3f0!3m2!1i1024!2i768!4f13.1!3m3!1m2!1s0x13503198322752a1%3A0x66b5f093130b753b!2sSpitali%20Amerikan%20-%20American%20Hospital!5e0!3m2!1sen!2s!4v1576248368468!5m2!1sen!2s\" width=\"567\" height=\"430\" frameborder=\"0\" allowfullscreen=\"allowfullscreen\"><\/iframe><br \/><\/div><div class=\"clear\"><\/div>\n","protected":false},"excerpt":{"rendered":"","protected":false},"author":1,"featured_media":0,"parent":0,"menu_order":0,"comment_status":"closed","ping_status":"closed","template":"","meta":{"footnotes":""},"class_list":["post-3639","page","type-page","status-publish","hentry"],"yoast_head":"<!-- This site is optimized with the Yoast SEO plugin v27.5 - https:\/\/yoast.com\/product\/yoast-seo-wordpress\/ -->\n<title>American Hospital 1 - American Hospital<\/title>\n<meta name=\"description\" content=\"American Hospital 1 - I p\u00ebrkushtuar p\u00ebr t\u00eb siguruar sh\u00ebrbimin m\u00eb t\u00eb mir\u00eb p\u00ebr sh\u00ebndetin tuaj, Spitali Amerikan \u00ebsht\u00eb lider n\u00eb sistemin sh\u00ebndet\u00ebsor n\u00eb Shqip\u00ebri.\" \/>\n<meta name=\"robots\" content=\"index, follow, max-snippet:-1, max-image-preview:large, max-video-preview:-1\" \/>\n<link rel=\"canonical\" href=\"https:\/\/al.spitaliamerikan.com\/en\/american-hospital-1\/\" \/>\n<meta property=\"og:locale\" content=\"en_US\" \/>\n<meta property=\"og:type\" content=\"article\" \/>\n<meta property=\"og:title\" content=\"American Hospital 1 - American Hospital\" \/>\n<meta property=\"og:description\" content=\"American Hospital 1 - I p\u00ebrkushtuar p\u00ebr t\u00eb siguruar sh\u00ebrbimin m\u00eb t\u00eb mir\u00eb p\u00ebr sh\u00ebndetin tuaj, Spitali Amerikan \u00ebsht\u00eb lider n\u00eb sistemin sh\u00ebndet\u00ebsor n\u00eb Shqip\u00ebri.\" \/>\n<meta property=\"og:url\" content=\"https:\/\/al.spitaliamerikan.com\/en\/american-hospital-1\/\" \/>\n<meta property=\"og:site_name\" content=\"American Hospital\" \/>\n<meta property=\"article:publisher\" content=\"https:\/\/www.facebook.com\/spitaliamerikan\" \/>\n<meta property=\"article:modified_time\" content=\"2020-01-24T15:52:59+00:00\" \/>\n<meta name=\"twitter:card\" content=\"summary_large_image\" \/>\n<meta name=\"twitter:site\" content=\"@spitaliamerikan\" \/>\n<meta name=\"twitter:label1\" content=\"Est. reading time\" \/>\n\t<meta name=\"twitter:data1\" content=\"1 minute\" \/>\n<script type=\"application\/ld+json\" class=\"yoast-schema-graph\">{\"@context\":\"https:\\\/\\\/schema.org\",\"@graph\":[{\"@type\":\"WebPage\",\"@id\":\"https:\\\/\\\/al.spitaliamerikan.com\\\/en\\\/american-hospital-1\\\/\",\"url\":\"https:\\\/\\\/al.spitaliamerikan.com\\\/en\\\/american-hospital-1\\\/\",\"name\":\"American Hospital 1 - American Hospital\",\"isPartOf\":{\"@id\":\"https:\\\/\\\/al.spitaliamerikan.com\\\/en\\\/#website\"},\"datePublished\":\"2019-12-13T14:10:31+00:00\",\"dateModified\":\"2020-01-24T15:52:59+00:00\",\"description\":\"American Hospital 1 - I p\u00ebrkushtuar p\u00ebr t\u00eb siguruar sh\u00ebrbimin m\u00eb t\u00eb mir\u00eb p\u00ebr sh\u00ebndetin tuaj, Spitali Amerikan \u00ebsht\u00eb lider n\u00eb sistemin sh\u00ebndet\u00ebsor n\u00eb Shqip\u00ebri.\",\"breadcrumb\":{\"@id\":\"https:\\\/\\\/al.spitaliamerikan.com\\\/en\\\/american-hospital-1\\\/#breadcrumb\"},\"inLanguage\":\"en-US\",\"potentialAction\":[{\"@type\":\"ReadAction\",\"target\":[\"https:\\\/\\\/al.spitaliamerikan.com\\\/en\\\/american-hospital-1\\\/\"]}]},{\"@type\":\"BreadcrumbList\",\"@id\":\"https:\\\/\\\/al.spitaliamerikan.com\\\/en\\\/american-hospital-1\\\/#breadcrumb\",\"itemListElement\":[{\"@type\":\"ListItem\",\"position\":1,\"name\":\"Home\",\"item\":\"https:\\\/\\\/al.spitaliamerikan.com\\\/en\\\/\"},{\"@type\":\"ListItem\",\"position\":2,\"name\":\"American Hospital 1\"}]},{\"@type\":\"WebSite\",\"@id\":\"https:\\\/\\\/al.spitaliamerikan.com\\\/en\\\/#website\",\"url\":\"https:\\\/\\\/al.spitaliamerikan.com\\\/en\\\/\",\"name\":\"American Hospital\",\"description\":\"Embrace Life!\",\"potentialAction\":[{\"@type\":\"SearchAction\",\"target\":{\"@type\":\"EntryPoint\",\"urlTemplate\":\"https:\\\/\\\/al.spitaliamerikan.com\\\/en\\\/?s={search_term_string}\"},\"query-input\":{\"@type\":\"PropertyValueSpecification\",\"valueRequired\":true,\"valueName\":\"search_term_string\"}}],\"inLanguage\":\"en-US\"}]}<\/script>\n<!-- \/ Yoast SEO plugin. -->","yoast_head_json":{"title":"American Hospital 1 - American Hospital","description":"American Hospital 1 - I p\u00ebrkushtuar p\u00ebr t\u00eb siguruar sh\u00ebrbimin m\u00eb t\u00eb mir\u00eb p\u00ebr sh\u00ebndetin tuaj, Spitali Amerikan \u00ebsht\u00eb lider n\u00eb sistemin sh\u00ebndet\u00ebsor n\u00eb Shqip\u00ebri.","robots":{"index":"index","follow":"follow","max-snippet":"max-snippet:-1","max-image-preview":"max-image-preview:large","max-video-preview":"max-video-preview:-1"},"canonical":"https:\/\/al.spitaliamerikan.com\/en\/american-hospital-1\/","og_locale":"en_US","og_type":"article","og_title":"American Hospital 1 - American Hospital","og_description":"American Hospital 1 - I p\u00ebrkushtuar p\u00ebr t\u00eb siguruar sh\u00ebrbimin m\u00eb t\u00eb mir\u00eb p\u00ebr sh\u00ebndetin tuaj, Spitali Amerikan \u00ebsht\u00eb lider n\u00eb sistemin sh\u00ebndet\u00ebsor n\u00eb Shqip\u00ebri.","og_url":"https:\/\/al.spitaliamerikan.com\/en\/american-hospital-1\/","og_site_name":"American Hospital","article_publisher":"https:\/\/www.facebook.com\/spitaliamerikan","article_modified_time":"2020-01-24T15:52:59+00:00","twitter_card":"summary_large_image","twitter_site":"@spitaliamerikan","twitter_misc":{"Est. reading time":"1 minute"},"schema":{"@context":"https:\/\/schema.org","@graph":[{"@type":"WebPage","@id":"https:\/\/al.spitaliamerikan.com\/en\/american-hospital-1\/","url":"https:\/\/al.spitaliamerikan.com\/en\/american-hospital-1\/","name":"American Hospital 1 - American Hospital","isPartOf":{"@id":"https:\/\/al.spitaliamerikan.com\/en\/#website"},"datePublished":"2019-12-13T14:10:31+00:00","dateModified":"2020-01-24T15:52:59+00:00","description":"American Hospital 1 - I p\u00ebrkushtuar p\u00ebr t\u00eb siguruar sh\u00ebrbimin m\u00eb t\u00eb mir\u00eb p\u00ebr sh\u00ebndetin tuaj, Spitali Amerikan \u00ebsht\u00eb lider n\u00eb sistemin sh\u00ebndet\u00ebsor n\u00eb Shqip\u00ebri.","breadcrumb":{"@id":"https:\/\/al.spitaliamerikan.com\/en\/american-hospital-1\/#breadcrumb"},"inLanguage":"en-US","potentialAction":[{"@type":"ReadAction","target":["https:\/\/al.spitaliamerikan.com\/en\/american-hospital-1\/"]}]},{"@type":"BreadcrumbList","@id":"https:\/\/al.spitaliamerikan.com\/en\/american-hospital-1\/#breadcrumb","itemListElement":[{"@type":"ListItem","position":1,"name":"Home","item":"https:\/\/al.spitaliamerikan.com\/en\/"},{"@type":"ListItem","position":2,"name":"American Hospital 1"}]},{"@type":"WebSite","@id":"https:\/\/al.spitaliamerikan.com\/en\/#website","url":"https:\/\/al.spitaliamerikan.com\/en\/","name":"American Hospital","description":"Embrace Life!","potentialAction":[{"@type":"SearchAction","target":{"@type":"EntryPoint","urlTemplate":"https:\/\/al.spitaliamerikan.com\/en\/?s={search_term_string}"},"query-input":{"@type":"PropertyValueSpecification","valueRequired":true,"valueName":"search_term_string"}}],"inLanguage":"en-US"}]}},"_links":{"self":[{"href":"https:\/\/al.spitaliamerikan.com\/en\/wp-json\/wp\/v2\/pages\/3639","targetHints":{"allow":["GET"]}}],"collection":[{"href":"https:\/\/al.spitaliamerikan.com\/en\/wp-json\/wp\/v2\/pages"}],"about":[{"href":"https:\/\/al.spitaliamerikan.com\/en\/wp-json\/wp\/v2\/types\/page"}],"author":[{"embeddable":true,"href":"https:\/\/al.spitaliamerikan.com\/en\/wp-json\/wp\/v2\/users\/1"}],"replies":[{"embeddable":true,"href":"https:\/\/al.spitaliamerikan.com\/en\/wp-json\/wp\/v2\/comments?post=3639"}],"version-history":[{"count":2,"href":"https:\/\/al.spitaliamerikan.com\/en\/wp-json\/wp\/v2\/pages\/3639\/revisions"}],"predecessor-version":[{"id":3687,"href":"https:\/\/al.spitaliamerikan.com\/en\/wp-json\/wp\/v2\/pages\/3639\/revisions\/3687"}],"wp:attachment":[{"href":"https:\/\/al.spitaliamerikan.com\/en\/wp-json\/wp\/v2\/media?parent=3639"}],"curies":[{"name":"wp","href":"https:\/\/api.w.org\/{rel}","templated":true}]}}