{"id":3701,"date":"2019-12-13T15:56:28","date_gmt":"2019-12-13T14:56:28","guid":{"rendered":"https:\/\/al.spitaliamerikan.com\/spitali-amerikan-3\/"},"modified":"2020-02-12T15:10:37","modified_gmt":"2020-02-12T14:10:37","slug":"american-hospital-3","status":"publish","type":"page","link":"https:\/\/al.spitaliamerikan.com\/en\/american-hospital-3\/","title":{"rendered":"American Hospital 3"},"content":{"rendered":"<div class=\"one_half\"><div class=\"fancyheading textleft\"><h1 class=\"fancy-title \"><span >American Hospital 3<\/span><\/h1><\/div>American Hospital 3, the largest investment in the country&#8217;s health system, with the most modern hospital infrastructure and international standards, is adapted to serve a large number of patients.<\/p>\n<p>The 25,000 m2 building offers 100 rooms, 170 beds, 5 operating rooms and 2 coronarography rooms, is as the service of patients every day.<\/p>\n<p>At American Hospital 3 we have set up the Stroke Unit system organization chain, which is the most effective way for the patient and the medical team assisting him. At this center, time takes the highest consideration, as the primary factor in saving lives from strokes.<\/p>\n<p>Stroke Unit, offers the most specialized stroke center at American Hospital 3.<\/p>\n<p>Medical departments at American Hospital 3 include:<\/p>\n<ul style=\"column-count: 2;\">\n<li>Allergology<\/li>\n<li>Anatomopathatology<\/li>\n<li>Anesthesiology<\/li>\n<li>Check Up<\/li>\n<li>Dermatology<\/li>\n<li>Endocrinology<\/li>\n<li>Gastroenterology<\/li>\n<li>Hematology<\/li>\n<li>Advanced Imagery<\/li>\n<li>In Vitro Fertilisation (IVF)<\/li>\n<li>Cardiovascular Surgery<\/li>\n<li>Cardiology<\/li>\n<li>General Surgery<\/li>\n<li>Plastic Surgery<\/li>\n<li>Laboratory Services<\/li>\n<li>Nephrology<\/li>\n<li>Neurosurgery<\/li>\n<li>Neurology<\/li>\n<li>Obstetric Gynecology<\/li>\n<li>Ophthalmology<\/li>\n<li>Oncology<\/li>\n<li>ENT<\/li>\n<li>Orthopedics<\/li>\n<li>Neonatology \u2013 Pediatrics<\/li>\n<li>Pneumology<\/li>\n<li>Nephrology<\/li>\n<li>Rheumatology<\/li>\n<li>Emergency service 24h<\/li>\n<li>Urology<\/li>\n<\/ul>\n<p>For further information or to book an appointment with our doctors, contact 042357535 or click on: reservations.spitaliamerikan.com<\/p>\n<p>American Hospital, embrace life!<\/p><\/div>\n<div class=\"one_half last\"><iframe loading=\"lazy\" src=\"https:\/\/www.youtube.com\/embed\/WONAY6La5Mk\" width=\"567\" height=\"319\" frameborder=\"0\" allowfullscreen=\"allowfullscreen\"><\/iframe><br \/>\n<iframe loading=\"lazy\" style=\"border: 0;\" src=\"https:\/\/www.google.com\/maps\/embed?pb=!1m18!1m12!1m3!1d23971.622587171067!2d19.747922234485557!3d41.32076572927172!2m3!1f0!2f0!3f0!3m2!1i1024!2i768!4f13.1!3m3!1m2!1s0x1350304a3e4cc987%3A0xb65af25151e2754!2sSpitali%20Amerikan%203%20-%20American%20Hospital%203!5e0!3m2!1sen!2s!4v1576248974408!5m2!1sen!2s\" width=\"567\" height=\"430\" frameborder=\"0\" allowfullscreen=\"allowfullscreen\"><\/iframe><br \/><\/div><div class=\"clear\"><\/div>\n","protected":false},"excerpt":{"rendered":"","protected":false},"author":1,"featured_media":0,"parent":0,"menu_order":0,"comment_status":"closed","ping_status":"closed","template":"","meta":{"footnotes":""},"class_list":["post-3701","page","type-page","status-publish","hentry"],"yoast_head":"<!-- This site is optimized with the Yoast SEO plugin v27.5 - https:\/\/yoast.com\/product\/yoast-seo-wordpress\/ -->\n<title>American Hospital 3 - American Hospital<\/title>\n<meta name=\"description\" content=\"American Hospital 3 - I p\u00ebrkushtuar p\u00ebr t\u00eb siguruar sh\u00ebrbimin m\u00eb t\u00eb mir\u00eb p\u00ebr sh\u00ebndetin tuaj, Spitali Amerikan \u00ebsht\u00eb lider n\u00eb sistemin sh\u00ebndet\u00ebsor n\u00eb Shqip\u00ebri.\" \/>\n<meta name=\"robots\" content=\"index, follow, max-snippet:-1, max-image-preview:large, max-video-preview:-1\" \/>\n<link rel=\"canonical\" href=\"https:\/\/al.spitaliamerikan.com\/en\/american-hospital-3\/\" \/>\n<meta property=\"og:locale\" content=\"en_US\" \/>\n<meta property=\"og:type\" content=\"article\" \/>\n<meta property=\"og:title\" content=\"American Hospital 3 - American Hospital\" \/>\n<meta property=\"og:description\" content=\"American Hospital 3 - I p\u00ebrkushtuar p\u00ebr t\u00eb siguruar sh\u00ebrbimin m\u00eb t\u00eb mir\u00eb p\u00ebr sh\u00ebndetin tuaj, Spitali Amerikan \u00ebsht\u00eb lider n\u00eb sistemin sh\u00ebndet\u00ebsor n\u00eb Shqip\u00ebri.\" \/>\n<meta property=\"og:url\" content=\"https:\/\/al.spitaliamerikan.com\/en\/american-hospital-3\/\" \/>\n<meta property=\"og:site_name\" content=\"American Hospital\" \/>\n<meta property=\"article:publisher\" content=\"https:\/\/www.facebook.com\/spitaliamerikan\" \/>\n<meta property=\"article:modified_time\" content=\"2020-02-12T14:10:37+00:00\" \/>\n<meta name=\"twitter:card\" content=\"summary_large_image\" \/>\n<meta name=\"twitter:site\" content=\"@spitaliamerikan\" \/>\n<meta name=\"twitter:label1\" content=\"Est. reading time\" \/>\n\t<meta name=\"twitter:data1\" content=\"1 minute\" \/>\n<script type=\"application\/ld+json\" class=\"yoast-schema-graph\">{\"@context\":\"https:\\\/\\\/schema.org\",\"@graph\":[{\"@type\":\"WebPage\",\"@id\":\"https:\\\/\\\/al.spitaliamerikan.com\\\/en\\\/american-hospital-3\\\/\",\"url\":\"https:\\\/\\\/al.spitaliamerikan.com\\\/en\\\/american-hospital-3\\\/\",\"name\":\"American Hospital 3 - American Hospital\",\"isPartOf\":{\"@id\":\"https:\\\/\\\/al.spitaliamerikan.com\\\/en\\\/#website\"},\"datePublished\":\"2019-12-13T14:56:28+00:00\",\"dateModified\":\"2020-02-12T14:10:37+00:00\",\"description\":\"American Hospital 3 - I p\u00ebrkushtuar p\u00ebr t\u00eb siguruar sh\u00ebrbimin m\u00eb t\u00eb mir\u00eb p\u00ebr sh\u00ebndetin tuaj, Spitali Amerikan \u00ebsht\u00eb lider n\u00eb sistemin sh\u00ebndet\u00ebsor n\u00eb Shqip\u00ebri.\",\"breadcrumb\":{\"@id\":\"https:\\\/\\\/al.spitaliamerikan.com\\\/en\\\/american-hospital-3\\\/#breadcrumb\"},\"inLanguage\":\"en-US\",\"potentialAction\":[{\"@type\":\"ReadAction\",\"target\":[\"https:\\\/\\\/al.spitaliamerikan.com\\\/en\\\/american-hospital-3\\\/\"]}]},{\"@type\":\"BreadcrumbList\",\"@id\":\"https:\\\/\\\/al.spitaliamerikan.com\\\/en\\\/american-hospital-3\\\/#breadcrumb\",\"itemListElement\":[{\"@type\":\"ListItem\",\"position\":1,\"name\":\"Home\",\"item\":\"https:\\\/\\\/al.spitaliamerikan.com\\\/en\\\/\"},{\"@type\":\"ListItem\",\"position\":2,\"name\":\"American Hospital 3\"}]},{\"@type\":\"WebSite\",\"@id\":\"https:\\\/\\\/al.spitaliamerikan.com\\\/en\\\/#website\",\"url\":\"https:\\\/\\\/al.spitaliamerikan.com\\\/en\\\/\",\"name\":\"American Hospital\",\"description\":\"Embrace Life!\",\"potentialAction\":[{\"@type\":\"SearchAction\",\"target\":{\"@type\":\"EntryPoint\",\"urlTemplate\":\"https:\\\/\\\/al.spitaliamerikan.com\\\/en\\\/?s={search_term_string}\"},\"query-input\":{\"@type\":\"PropertyValueSpecification\",\"valueRequired\":true,\"valueName\":\"search_term_string\"}}],\"inLanguage\":\"en-US\"}]}<\/script>\n<!-- \/ Yoast SEO plugin. -->","yoast_head_json":{"title":"American Hospital 3 - American Hospital","description":"American Hospital 3 - I p\u00ebrkushtuar p\u00ebr t\u00eb siguruar sh\u00ebrbimin m\u00eb t\u00eb mir\u00eb p\u00ebr sh\u00ebndetin tuaj, Spitali Amerikan \u00ebsht\u00eb lider n\u00eb sistemin sh\u00ebndet\u00ebsor n\u00eb Shqip\u00ebri.","robots":{"index":"index","follow":"follow","max-snippet":"max-snippet:-1","max-image-preview":"max-image-preview:large","max-video-preview":"max-video-preview:-1"},"canonical":"https:\/\/al.spitaliamerikan.com\/en\/american-hospital-3\/","og_locale":"en_US","og_type":"article","og_title":"American Hospital 3 - American Hospital","og_description":"American Hospital 3 - I p\u00ebrkushtuar p\u00ebr t\u00eb siguruar sh\u00ebrbimin m\u00eb t\u00eb mir\u00eb p\u00ebr sh\u00ebndetin tuaj, Spitali Amerikan \u00ebsht\u00eb lider n\u00eb sistemin sh\u00ebndet\u00ebsor n\u00eb Shqip\u00ebri.","og_url":"https:\/\/al.spitaliamerikan.com\/en\/american-hospital-3\/","og_site_name":"American Hospital","article_publisher":"https:\/\/www.facebook.com\/spitaliamerikan","article_modified_time":"2020-02-12T14:10:37+00:00","twitter_card":"summary_large_image","twitter_site":"@spitaliamerikan","twitter_misc":{"Est. reading time":"1 minute"},"schema":{"@context":"https:\/\/schema.org","@graph":[{"@type":"WebPage","@id":"https:\/\/al.spitaliamerikan.com\/en\/american-hospital-3\/","url":"https:\/\/al.spitaliamerikan.com\/en\/american-hospital-3\/","name":"American Hospital 3 - American Hospital","isPartOf":{"@id":"https:\/\/al.spitaliamerikan.com\/en\/#website"},"datePublished":"2019-12-13T14:56:28+00:00","dateModified":"2020-02-12T14:10:37+00:00","description":"American Hospital 3 - I p\u00ebrkushtuar p\u00ebr t\u00eb siguruar sh\u00ebrbimin m\u00eb t\u00eb mir\u00eb p\u00ebr sh\u00ebndetin tuaj, Spitali Amerikan \u00ebsht\u00eb lider n\u00eb sistemin sh\u00ebndet\u00ebsor n\u00eb Shqip\u00ebri.","breadcrumb":{"@id":"https:\/\/al.spitaliamerikan.com\/en\/american-hospital-3\/#breadcrumb"},"inLanguage":"en-US","potentialAction":[{"@type":"ReadAction","target":["https:\/\/al.spitaliamerikan.com\/en\/american-hospital-3\/"]}]},{"@type":"BreadcrumbList","@id":"https:\/\/al.spitaliamerikan.com\/en\/american-hospital-3\/#breadcrumb","itemListElement":[{"@type":"ListItem","position":1,"name":"Home","item":"https:\/\/al.spitaliamerikan.com\/en\/"},{"@type":"ListItem","position":2,"name":"American Hospital 3"}]},{"@type":"WebSite","@id":"https:\/\/al.spitaliamerikan.com\/en\/#website","url":"https:\/\/al.spitaliamerikan.com\/en\/","name":"American Hospital","description":"Embrace Life!","potentialAction":[{"@type":"SearchAction","target":{"@type":"EntryPoint","urlTemplate":"https:\/\/al.spitaliamerikan.com\/en\/?s={search_term_string}"},"query-input":{"@type":"PropertyValueSpecification","valueRequired":true,"valueName":"search_term_string"}}],"inLanguage":"en-US"}]}},"_links":{"self":[{"href":"https:\/\/al.spitaliamerikan.com\/en\/wp-json\/wp\/v2\/pages\/3701","targetHints":{"allow":["GET"]}}],"collection":[{"href":"https:\/\/al.spitaliamerikan.com\/en\/wp-json\/wp\/v2\/pages"}],"about":[{"href":"https:\/\/al.spitaliamerikan.com\/en\/wp-json\/wp\/v2\/types\/page"}],"author":[{"embeddable":true,"href":"https:\/\/al.spitaliamerikan.com\/en\/wp-json\/wp\/v2\/users\/1"}],"replies":[{"embeddable":true,"href":"https:\/\/al.spitaliamerikan.com\/en\/wp-json\/wp\/v2\/comments?post=3701"}],"version-history":[{"count":1,"href":"https:\/\/al.spitaliamerikan.com\/en\/wp-json\/wp\/v2\/pages\/3701\/revisions"}],"predecessor-version":[{"id":3702,"href":"https:\/\/al.spitaliamerikan.com\/en\/wp-json\/wp\/v2\/pages\/3701\/revisions\/3702"}],"wp:attachment":[{"href":"https:\/\/al.spitaliamerikan.com\/en\/wp-json\/wp\/v2\/media?parent=3701"}],"curies":[{"name":"wp","href":"https:\/\/api.w.org\/{rel}","templated":true}]}}