{"id":3704,"date":"2019-12-18T15:59:10","date_gmt":"2019-12-18T14:59:10","guid":{"rendered":"https:\/\/al.spitaliamerikan.com\/american-medical-center-durres\/"},"modified":"2020-12-04T15:38:04","modified_gmt":"2020-12-04T14:38:04","slug":"american-medical-center-durres","status":"publish","type":"page","link":"https:\/\/al.spitaliamerikan.com\/en\/american-medical-center-durres\/","title":{"rendered":"American Medical Center Durr\u00ebs"},"content":{"rendered":"<p><!--[rev_slider alias=\"Homeslide-original\"]--><br \/>\n<div class=\"one_half\"><div class=\"fancyheading textleft\"><h1 class=\"fancy-title \"><span >American Medical Center Durr\u00ebs<\/span><\/h1><\/div>\nAmerican Medical Center n\u00eb Durr\u00ebs \u00ebsht\u00eb e pajisur me staf profesional dhe teknologjin\u00eb m\u00eb moderne p\u00ebr diagnostikimin dhe trajtimin e nj\u00eb game t\u00eb gjer\u00eb s\u00ebmundjesh. Kjo qend\u00ebr ofron sh\u00ebrbim mjek\u00ebsor p\u00ebr \u00e7do nevoj\u00eb t\u00eb populates.<\/p>\n<p>Sh\u00ebrbimet mjek\u00ebsore n\u00eb American Medical Center Durr\u00ebs, p\u00ebrfshijn\u00eb:<\/p>\n<ul>\n<li>Gastrohepatologji<\/li>\n<li>Kardiologji<\/li>\n<li>Gjinekologji<\/li>\n<li>Alergologji<\/li>\n<li>Dermatologji<\/li>\n<li>Pneumologji<\/li>\n<li>Nefrologji<\/li>\n<li>Radiologji<\/li>\n<li>Endokrinologji<\/li>\n<li>Kirurgji e pergjithshme<\/li>\n<li>Otorinolaringologji (ORL)<\/li>\n<li>Ortopedi<\/li>\n<li>Onkologji<\/li>\n<li>Hematologji<\/li>\n<li>Urologji<\/li>\n<li>Reumatologji<\/li>\n<li>Laborator<\/li>\n<\/ul>\n<p>P\u00ebr m\u00eb shum\u00eb informacion ose vizit\u00eb me mjek\u00ebt kontaktoni n\u00eb 052 222 333<br \/><\/div>\n<div class=\"one_half last\"><iframe loading=\"lazy\" style=\"border: 0;\" src=\"https:\/\/www.google.com\/maps\/embed?pb=!1m18!1m12!1m3!1d2996.177966913697!2d19.441399231333943!3d41.32674331200819!2m3!1f0!2f0!3f0!3m2!1i1024!2i768!4f13.1!3m3!1m2!1s0x134fda41d8569ba5%3A0x90b3d5b062e99327!2sAmerican%20Medical%20Center%20Durr%C3%ABs!5e0!3m2!1sen!2s!4v1576681036209!5m2!1sen!2s\" width=\"567\" height=\"430\" frameborder=\"0\" allowfullscreen=\"allowfullscreen\"><\/iframe><br \/><\/div><div class=\"clear\"><\/div>\n","protected":false},"excerpt":{"rendered":"","protected":false},"author":1,"featured_media":0,"parent":0,"menu_order":0,"comment_status":"closed","ping_status":"closed","template":"","meta":{"footnotes":""},"class_list":["post-3704","page","type-page","status-publish","hentry"],"yoast_head":"<!-- This site is optimized with the Yoast SEO plugin v27.5 - https:\/\/yoast.com\/product\/yoast-seo-wordpress\/ -->\n<title>American Medical Center Durr\u00ebs - American Hospital<\/title>\n<meta name=\"description\" content=\"American Medical Center Durr\u00ebs - I p\u00ebrkushtuar p\u00ebr t\u00eb siguruar sh\u00ebrbimin m\u00eb t\u00eb mir\u00eb p\u00ebr sh\u00ebndetin tuaj, Spitali Amerikan \u00ebsht\u00eb lider n\u00eb sistemin sh\u00ebndet\u00ebsor n\u00eb Shqip\u00ebri.\" \/>\n<meta name=\"robots\" content=\"index, follow, max-snippet:-1, max-image-preview:large, max-video-preview:-1\" \/>\n<link rel=\"canonical\" href=\"https:\/\/al.spitaliamerikan.com\/en\/american-medical-center-durres\/\" \/>\n<meta property=\"og:locale\" content=\"en_US\" \/>\n<meta property=\"og:type\" content=\"article\" \/>\n<meta property=\"og:title\" content=\"American Medical Center Durr\u00ebs - American Hospital\" \/>\n<meta property=\"og:description\" content=\"American Medical Center Durr\u00ebs - I p\u00ebrkushtuar p\u00ebr t\u00eb siguruar sh\u00ebrbimin m\u00eb t\u00eb mir\u00eb p\u00ebr sh\u00ebndetin tuaj, Spitali Amerikan \u00ebsht\u00eb lider n\u00eb sistemin sh\u00ebndet\u00ebsor n\u00eb Shqip\u00ebri.\" \/>\n<meta property=\"og:url\" content=\"https:\/\/al.spitaliamerikan.com\/en\/american-medical-center-durres\/\" \/>\n<meta property=\"og:site_name\" content=\"American Hospital\" \/>\n<meta property=\"article:publisher\" content=\"https:\/\/www.facebook.com\/spitaliamerikan\" \/>\n<meta property=\"article:modified_time\" content=\"2020-12-04T14:38:04+00:00\" \/>\n<meta name=\"twitter:card\" content=\"summary_large_image\" \/>\n<meta name=\"twitter:site\" content=\"@spitaliamerikan\" \/>\n<meta name=\"twitter:label1\" content=\"Est. reading time\" \/>\n\t<meta name=\"twitter:data1\" content=\"1 minute\" \/>\n<script type=\"application\/ld+json\" class=\"yoast-schema-graph\">{\"@context\":\"https:\\\/\\\/schema.org\",\"@graph\":[{\"@type\":\"WebPage\",\"@id\":\"https:\\\/\\\/al.spitaliamerikan.com\\\/en\\\/american-medical-center-durres\\\/\",\"url\":\"https:\\\/\\\/al.spitaliamerikan.com\\\/en\\\/american-medical-center-durres\\\/\",\"name\":\"American Medical Center Durr\u00ebs - American Hospital\",\"isPartOf\":{\"@id\":\"https:\\\/\\\/al.spitaliamerikan.com\\\/en\\\/#website\"},\"datePublished\":\"2019-12-18T14:59:10+00:00\",\"dateModified\":\"2020-12-04T14:38:04+00:00\",\"description\":\"American Medical Center Durr\u00ebs - I p\u00ebrkushtuar p\u00ebr t\u00eb siguruar sh\u00ebrbimin m\u00eb t\u00eb mir\u00eb p\u00ebr sh\u00ebndetin tuaj, Spitali Amerikan \u00ebsht\u00eb lider n\u00eb sistemin sh\u00ebndet\u00ebsor n\u00eb Shqip\u00ebri.\",\"breadcrumb\":{\"@id\":\"https:\\\/\\\/al.spitaliamerikan.com\\\/en\\\/american-medical-center-durres\\\/#breadcrumb\"},\"inLanguage\":\"en-US\",\"potentialAction\":[{\"@type\":\"ReadAction\",\"target\":[\"https:\\\/\\\/al.spitaliamerikan.com\\\/en\\\/american-medical-center-durres\\\/\"]}]},{\"@type\":\"BreadcrumbList\",\"@id\":\"https:\\\/\\\/al.spitaliamerikan.com\\\/en\\\/american-medical-center-durres\\\/#breadcrumb\",\"itemListElement\":[{\"@type\":\"ListItem\",\"position\":1,\"name\":\"Home\",\"item\":\"https:\\\/\\\/al.spitaliamerikan.com\\\/en\\\/\"},{\"@type\":\"ListItem\",\"position\":2,\"name\":\"American Medical Center Durr\u00ebs\"}]},{\"@type\":\"WebSite\",\"@id\":\"https:\\\/\\\/al.spitaliamerikan.com\\\/en\\\/#website\",\"url\":\"https:\\\/\\\/al.spitaliamerikan.com\\\/en\\\/\",\"name\":\"American Hospital\",\"description\":\"Embrace Life!\",\"potentialAction\":[{\"@type\":\"SearchAction\",\"target\":{\"@type\":\"EntryPoint\",\"urlTemplate\":\"https:\\\/\\\/al.spitaliamerikan.com\\\/en\\\/?s={search_term_string}\"},\"query-input\":{\"@type\":\"PropertyValueSpecification\",\"valueRequired\":true,\"valueName\":\"search_term_string\"}}],\"inLanguage\":\"en-US\"}]}<\/script>\n<!-- \/ Yoast SEO plugin. -->","yoast_head_json":{"title":"American Medical Center Durr\u00ebs - American Hospital","description":"American Medical Center Durr\u00ebs - I p\u00ebrkushtuar p\u00ebr t\u00eb siguruar sh\u00ebrbimin m\u00eb t\u00eb mir\u00eb p\u00ebr sh\u00ebndetin tuaj, Spitali Amerikan \u00ebsht\u00eb lider n\u00eb sistemin sh\u00ebndet\u00ebsor n\u00eb Shqip\u00ebri.","robots":{"index":"index","follow":"follow","max-snippet":"max-snippet:-1","max-image-preview":"max-image-preview:large","max-video-preview":"max-video-preview:-1"},"canonical":"https:\/\/al.spitaliamerikan.com\/en\/american-medical-center-durres\/","og_locale":"en_US","og_type":"article","og_title":"American Medical Center Durr\u00ebs - American Hospital","og_description":"American Medical Center Durr\u00ebs - I p\u00ebrkushtuar p\u00ebr t\u00eb siguruar sh\u00ebrbimin m\u00eb t\u00eb mir\u00eb p\u00ebr sh\u00ebndetin tuaj, Spitali Amerikan \u00ebsht\u00eb lider n\u00eb sistemin sh\u00ebndet\u00ebsor n\u00eb Shqip\u00ebri.","og_url":"https:\/\/al.spitaliamerikan.com\/en\/american-medical-center-durres\/","og_site_name":"American Hospital","article_publisher":"https:\/\/www.facebook.com\/spitaliamerikan","article_modified_time":"2020-12-04T14:38:04+00:00","twitter_card":"summary_large_image","twitter_site":"@spitaliamerikan","twitter_misc":{"Est. reading time":"1 minute"},"schema":{"@context":"https:\/\/schema.org","@graph":[{"@type":"WebPage","@id":"https:\/\/al.spitaliamerikan.com\/en\/american-medical-center-durres\/","url":"https:\/\/al.spitaliamerikan.com\/en\/american-medical-center-durres\/","name":"American Medical Center Durr\u00ebs - American Hospital","isPartOf":{"@id":"https:\/\/al.spitaliamerikan.com\/en\/#website"},"datePublished":"2019-12-18T14:59:10+00:00","dateModified":"2020-12-04T14:38:04+00:00","description":"American Medical Center Durr\u00ebs - I p\u00ebrkushtuar p\u00ebr t\u00eb siguruar sh\u00ebrbimin m\u00eb t\u00eb mir\u00eb p\u00ebr sh\u00ebndetin tuaj, Spitali Amerikan \u00ebsht\u00eb lider n\u00eb sistemin sh\u00ebndet\u00ebsor n\u00eb Shqip\u00ebri.","breadcrumb":{"@id":"https:\/\/al.spitaliamerikan.com\/en\/american-medical-center-durres\/#breadcrumb"},"inLanguage":"en-US","potentialAction":[{"@type":"ReadAction","target":["https:\/\/al.spitaliamerikan.com\/en\/american-medical-center-durres\/"]}]},{"@type":"BreadcrumbList","@id":"https:\/\/al.spitaliamerikan.com\/en\/american-medical-center-durres\/#breadcrumb","itemListElement":[{"@type":"ListItem","position":1,"name":"Home","item":"https:\/\/al.spitaliamerikan.com\/en\/"},{"@type":"ListItem","position":2,"name":"American Medical Center Durr\u00ebs"}]},{"@type":"WebSite","@id":"https:\/\/al.spitaliamerikan.com\/en\/#website","url":"https:\/\/al.spitaliamerikan.com\/en\/","name":"American Hospital","description":"Embrace Life!","potentialAction":[{"@type":"SearchAction","target":{"@type":"EntryPoint","urlTemplate":"https:\/\/al.spitaliamerikan.com\/en\/?s={search_term_string}"},"query-input":{"@type":"PropertyValueSpecification","valueRequired":true,"valueName":"search_term_string"}}],"inLanguage":"en-US"}]}},"_links":{"self":[{"href":"https:\/\/al.spitaliamerikan.com\/en\/wp-json\/wp\/v2\/pages\/3704","targetHints":{"allow":["GET"]}}],"collection":[{"href":"https:\/\/al.spitaliamerikan.com\/en\/wp-json\/wp\/v2\/pages"}],"about":[{"href":"https:\/\/al.spitaliamerikan.com\/en\/wp-json\/wp\/v2\/types\/page"}],"author":[{"embeddable":true,"href":"https:\/\/al.spitaliamerikan.com\/en\/wp-json\/wp\/v2\/users\/1"}],"replies":[{"embeddable":true,"href":"https:\/\/al.spitaliamerikan.com\/en\/wp-json\/wp\/v2\/comments?post=3704"}],"version-history":[{"count":2,"href":"https:\/\/al.spitaliamerikan.com\/en\/wp-json\/wp\/v2\/pages\/3704\/revisions"}],"predecessor-version":[{"id":4272,"href":"https:\/\/al.spitaliamerikan.com\/en\/wp-json\/wp\/v2\/pages\/3704\/revisions\/4272"}],"wp:attachment":[{"href":"https:\/\/al.spitaliamerikan.com\/en\/wp-json\/wp\/v2\/media?parent=3704"}],"curies":[{"name":"wp","href":"https:\/\/api.w.org\/{rel}","templated":true}]}}