{"id":3708,"date":"2019-12-18T15:51:12","date_gmt":"2019-12-18T14:51:12","guid":{"rendered":"https:\/\/al.spitaliamerikan.com\/american-hospital-fier\/"},"modified":"2020-12-04T16:31:18","modified_gmt":"2020-12-04T15:31:18","slug":"american-hospital-fier","status":"publish","type":"page","link":"https:\/\/al.spitaliamerikan.com\/en\/american-hospital-fier\/","title":{"rendered":"American Hospital Fier"},"content":{"rendered":"<p><!--[rev_slider alias=\"Homeslide-original\"]--><br \/>\n<div class=\"one_half\"><div class=\"fancyheading textleft\"><h1 class=\"fancy-title \"><span >Spitali Amerikan Fier<\/span><\/h1><\/div>\nAmerican Hospital \u2013 Fier, e themeluar n\u00eb Janar 2009 si pjes\u00eb e Grupit t\u00eb Spitaleve Amerikan\u00eb \u00ebsht\u00eb dega jon\u00eb n\u00eb jug q\u00eb mbulon t\u00eb gjitha nevojat e qytetar\u00ebve t\u00eb jugut. American Hospital Fier \u00ebsht\u00eb pika e par\u00eb e ndales\u00ebs p\u00ebr qytetar\u00ebt e jugut me nj\u00eb sh\u00ebrbim t\u00eb cil\u00ebsis\u00eb maksimale.<\/p>\n<p>Sh\u00ebrbimet mjek\u00ebsore n\u00eb American Hospital Fier, p\u00ebrfshijn\u00eb:<\/p>\n<ul>\n<li>Kardiologji<\/li>\n<li>Gastroenterologji<\/li>\n<li>Endokrinologji<\/li>\n<li>Pneumologji<\/li>\n<li>Nefrologji<\/li>\n<li>Urologji<\/li>\n<li>Kirurgji<\/li>\n<li>Neonatologjiv<\/li>\n<li>Pediatri<\/li>\n<li>ORL<\/li>\n<li>Laborator<\/li>\n<li>Imazheri<\/li>\n<li>Klinik\u00eb dentare<\/li>\n<li>Farmaci<\/li>\n<\/ul>\n<p>P\u00ebr m\u00eb shum\u00eb informacion ose vizit\u00eb me mjek\u00ebt kontaktoni n\u00eb 034 23 21 21 ose 034 23 21 23<br \/><\/div>\n<div class=\"one_half last\"><iframe loading=\"lazy\" style=\"border: 0;\" src=\"https:\/\/www.google.com\/maps\/embed?pb=!1m14!1m8!1m3!1d12094.693924289732!2d19.545386867614766!3d40.72520393981437!3m2!1i1024!2i768!4f13.1!3m3!1m2!1s0x0%3A0x195fa2b0e7a438e!2sSpitali%20Amerikan%20Fier%20-%20American%20Hospital!5e0!3m2!1sen!2s!4v1576680657829!5m2!1sen!2s\" width=\"567\" height=\"430\" frameborder=\"0\" allowfullscreen=\"allowfullscreen\"><\/iframe><br \/><\/div><div class=\"clear\"><\/div>\n","protected":false},"excerpt":{"rendered":"","protected":false},"author":1,"featured_media":0,"parent":0,"menu_order":0,"comment_status":"closed","ping_status":"closed","template":"","meta":{"footnotes":""},"class_list":["post-3708","page","type-page","status-publish","hentry"],"yoast_head":"<!-- This site is optimized with the Yoast SEO plugin v27.2 - https:\/\/yoast.com\/product\/yoast-seo-wordpress\/ -->\n<title>American Hospital Fier - American Hospital<\/title>\n<meta name=\"description\" content=\"American Hospital Fier - I p\u00ebrkushtuar p\u00ebr t\u00eb siguruar sh\u00ebrbimin m\u00eb t\u00eb mir\u00eb p\u00ebr sh\u00ebndetin tuaj, Spitali Amerikan \u00ebsht\u00eb lider n\u00eb sistemin sh\u00ebndet\u00ebsor n\u00eb Shqip\u00ebri.\" \/>\n<meta name=\"robots\" content=\"index, follow, max-snippet:-1, max-image-preview:large, max-video-preview:-1\" \/>\n<link rel=\"canonical\" href=\"https:\/\/al.spitaliamerikan.com\/american-hospital-fier\/\" \/>\n<meta property=\"og:locale\" content=\"en_US\" \/>\n<meta property=\"og:type\" content=\"article\" \/>\n<meta property=\"og:title\" content=\"American Hospital Fier - American Hospital\" \/>\n<meta property=\"og:description\" content=\"American Hospital Fier - I p\u00ebrkushtuar p\u00ebr t\u00eb siguruar sh\u00ebrbimin m\u00eb t\u00eb mir\u00eb p\u00ebr sh\u00ebndetin tuaj, Spitali Amerikan \u00ebsht\u00eb lider n\u00eb sistemin sh\u00ebndet\u00ebsor n\u00eb Shqip\u00ebri.\" \/>\n<meta property=\"og:url\" content=\"https:\/\/al.spitaliamerikan.com\/american-hospital-fier\/\" \/>\n<meta property=\"og:site_name\" content=\"American Hospital\" \/>\n<meta property=\"article:publisher\" content=\"https:\/\/www.facebook.com\/spitaliamerikan\" \/>\n<meta property=\"article:modified_time\" content=\"2020-12-04T15:31:18+00:00\" \/>\n<meta name=\"twitter:card\" content=\"summary_large_image\" \/>\n<meta name=\"twitter:site\" content=\"@spitaliamerikan\" \/>\n<meta name=\"twitter:label1\" content=\"Est. reading time\" \/>\n\t<meta name=\"twitter:data1\" content=\"1 minute\" \/>\n<script type=\"application\/ld+json\" class=\"yoast-schema-graph\">{\"@context\":\"https:\/\/schema.org\",\"@graph\":[{\"@type\":\"WebPage\",\"@id\":\"https:\/\/al.spitaliamerikan.com\/american-hospital-fier\/\",\"url\":\"https:\/\/al.spitaliamerikan.com\/american-hospital-fier\/\",\"name\":\"American Hospital Fier - American Hospital\",\"isPartOf\":{\"@id\":\"https:\/\/al.spitaliamerikan.com\/#website\"},\"datePublished\":\"2019-12-18T14:51:12+00:00\",\"dateModified\":\"2020-12-04T15:31:18+00:00\",\"description\":\"American Hospital Fier - I p\u00ebrkushtuar p\u00ebr t\u00eb siguruar sh\u00ebrbimin m\u00eb t\u00eb mir\u00eb p\u00ebr sh\u00ebndetin tuaj, Spitali Amerikan \u00ebsht\u00eb lider n\u00eb sistemin sh\u00ebndet\u00ebsor n\u00eb Shqip\u00ebri.\",\"breadcrumb\":{\"@id\":\"https:\/\/al.spitaliamerikan.com\/american-hospital-fier\/#breadcrumb\"},\"inLanguage\":\"en-US\",\"potentialAction\":[{\"@type\":\"ReadAction\",\"target\":[\"https:\/\/al.spitaliamerikan.com\/american-hospital-fier\/\"]}]},{\"@type\":\"BreadcrumbList\",\"@id\":\"https:\/\/al.spitaliamerikan.com\/american-hospital-fier\/#breadcrumb\",\"itemListElement\":[{\"@type\":\"ListItem\",\"position\":1,\"name\":\"Home\",\"item\":\"https:\/\/al.spitaliamerikan.com\/en\/\"},{\"@type\":\"ListItem\",\"position\":2,\"name\":\"American Hospital Fier\"}]},{\"@type\":\"WebSite\",\"@id\":\"https:\/\/al.spitaliamerikan.com\/#website\",\"url\":\"https:\/\/al.spitaliamerikan.com\/\",\"name\":\"American Hospital\",\"description\":\"Embrace Life!\",\"potentialAction\":[{\"@type\":\"SearchAction\",\"target\":{\"@type\":\"EntryPoint\",\"urlTemplate\":\"https:\/\/al.spitaliamerikan.com\/?s={search_term_string}\"},\"query-input\":{\"@type\":\"PropertyValueSpecification\",\"valueRequired\":true,\"valueName\":\"search_term_string\"}}],\"inLanguage\":\"en-US\"}]}<\/script>\n<!-- \/ Yoast SEO plugin. -->","yoast_head_json":{"title":"American Hospital Fier - American Hospital","description":"American Hospital Fier - I p\u00ebrkushtuar p\u00ebr t\u00eb siguruar sh\u00ebrbimin m\u00eb t\u00eb mir\u00eb p\u00ebr sh\u00ebndetin tuaj, Spitali Amerikan \u00ebsht\u00eb lider n\u00eb sistemin sh\u00ebndet\u00ebsor n\u00eb Shqip\u00ebri.","robots":{"index":"index","follow":"follow","max-snippet":"max-snippet:-1","max-image-preview":"max-image-preview:large","max-video-preview":"max-video-preview:-1"},"canonical":"https:\/\/al.spitaliamerikan.com\/american-hospital-fier\/","og_locale":"en_US","og_type":"article","og_title":"American Hospital Fier - American Hospital","og_description":"American Hospital Fier - I p\u00ebrkushtuar p\u00ebr t\u00eb siguruar sh\u00ebrbimin m\u00eb t\u00eb mir\u00eb p\u00ebr sh\u00ebndetin tuaj, Spitali Amerikan \u00ebsht\u00eb lider n\u00eb sistemin sh\u00ebndet\u00ebsor n\u00eb Shqip\u00ebri.","og_url":"https:\/\/al.spitaliamerikan.com\/american-hospital-fier\/","og_site_name":"American Hospital","article_publisher":"https:\/\/www.facebook.com\/spitaliamerikan","article_modified_time":"2020-12-04T15:31:18+00:00","twitter_card":"summary_large_image","twitter_site":"@spitaliamerikan","twitter_misc":{"Est. reading time":"1 minute"},"schema":{"@context":"https:\/\/schema.org","@graph":[{"@type":"WebPage","@id":"https:\/\/al.spitaliamerikan.com\/american-hospital-fier\/","url":"https:\/\/al.spitaliamerikan.com\/american-hospital-fier\/","name":"American Hospital Fier - American Hospital","isPartOf":{"@id":"https:\/\/al.spitaliamerikan.com\/#website"},"datePublished":"2019-12-18T14:51:12+00:00","dateModified":"2020-12-04T15:31:18+00:00","description":"American Hospital Fier - I p\u00ebrkushtuar p\u00ebr t\u00eb siguruar sh\u00ebrbimin m\u00eb t\u00eb mir\u00eb p\u00ebr sh\u00ebndetin tuaj, Spitali Amerikan \u00ebsht\u00eb lider n\u00eb sistemin sh\u00ebndet\u00ebsor n\u00eb Shqip\u00ebri.","breadcrumb":{"@id":"https:\/\/al.spitaliamerikan.com\/american-hospital-fier\/#breadcrumb"},"inLanguage":"en-US","potentialAction":[{"@type":"ReadAction","target":["https:\/\/al.spitaliamerikan.com\/american-hospital-fier\/"]}]},{"@type":"BreadcrumbList","@id":"https:\/\/al.spitaliamerikan.com\/american-hospital-fier\/#breadcrumb","itemListElement":[{"@type":"ListItem","position":1,"name":"Home","item":"https:\/\/al.spitaliamerikan.com\/en\/"},{"@type":"ListItem","position":2,"name":"American Hospital Fier"}]},{"@type":"WebSite","@id":"https:\/\/al.spitaliamerikan.com\/#website","url":"https:\/\/al.spitaliamerikan.com\/","name":"American Hospital","description":"Embrace Life!","potentialAction":[{"@type":"SearchAction","target":{"@type":"EntryPoint","urlTemplate":"https:\/\/al.spitaliamerikan.com\/?s={search_term_string}"},"query-input":{"@type":"PropertyValueSpecification","valueRequired":true,"valueName":"search_term_string"}}],"inLanguage":"en-US"}]}},"_links":{"self":[{"href":"https:\/\/al.spitaliamerikan.com\/en\/wp-json\/wp\/v2\/pages\/3708","targetHints":{"allow":["GET"]}}],"collection":[{"href":"https:\/\/al.spitaliamerikan.com\/en\/wp-json\/wp\/v2\/pages"}],"about":[{"href":"https:\/\/al.spitaliamerikan.com\/en\/wp-json\/wp\/v2\/types\/page"}],"author":[{"embeddable":true,"href":"https:\/\/al.spitaliamerikan.com\/en\/wp-json\/wp\/v2\/users\/1"}],"replies":[{"embeddable":true,"href":"https:\/\/al.spitaliamerikan.com\/en\/wp-json\/wp\/v2\/comments?post=3708"}],"version-history":[{"count":5,"href":"https:\/\/al.spitaliamerikan.com\/en\/wp-json\/wp\/v2\/pages\/3708\/revisions"}],"predecessor-version":[{"id":4287,"href":"https:\/\/al.spitaliamerikan.com\/en\/wp-json\/wp\/v2\/pages\/3708\/revisions\/4287"}],"wp:attachment":[{"href":"https:\/\/al.spitaliamerikan.com\/en\/wp-json\/wp\/v2\/media?parent=3708"}],"curies":[{"name":"wp","href":"https:\/\/api.w.org\/{rel}","templated":true}]}}